{"id":198,"date":"2019-07-11T10:08:51","date_gmt":"2019-07-11T08:08:51","guid":{"rendered":"http:\/\/www.christophetrouilhet.fr\/welcome\/?page_id=198"},"modified":"2019-07-12T14:06:15","modified_gmt":"2019-07-12T12:06:15","slug":"photo-froid-avec-colas-rouanet","status":"publish","type":"page","link":"http:\/\/www.christophetrouilhet.fr\/welcome\/photo-froid-avec-colas-rouanet\/","title":{"rendered":"Photo : \u00ab Froid \u00bb, avec Colas Rouanet"},"content":{"rendered":"\n<p> Cette photo et ce texte sont tir\u00e9s de l\u2019expo \u00ab&nbsp;Paroles de Circassiens&nbsp;\u00bb : <a href=\"http:\/\/www.christophetrouilhet.fr\/welcome\/exposition-2019-paroles-de-circassiens\/\">http:\/\/www.christophetrouilhet.fr\/welcome\/exposition-2019-paroles-de-circassiens\/<\/a><\/p>\n\n\n\n<div class=\"wp-block-image\"><figure class=\"alignleft\"><img loading=\"lazy\" width=\"333\" height=\"500\" src=\"http:\/\/www.christophetrouilhet.fr\/welcome\/wp-content\/uploads\/2019\/07\/081015_U7A9380.jpg\" alt=\"\" class=\"wp-image-188\" srcset=\"http:\/\/www.christophetrouilhet.fr\/welcome\/wp-content\/uploads\/2019\/07\/081015_U7A9380.jpg 333w, http:\/\/www.christophetrouilhet.fr\/welcome\/wp-content\/uploads\/2019\/07\/081015_U7A9380-200x300.jpg 200w\" sizes=\"(max-width: 333px) 100vw, 333px\" \/><figcaption>Froid, avec Colas Rouanet<\/figcaption><\/figure><\/div>\n\n\n\n<p><strong>Christophe \u2013 <\/strong>Colas est un \u00eatre \u00e0 part. Plus que sa \ntechnique de jonglerie, c\u2019est &nbsp;un univers riche, et rempli de po\u00e9sie \nqu\u2019il nous offre \u00e0 chaque repr\u00e9sentation. Artiste multi facettes, \nprofond\u00e9ment humain et ouvert aux autres, ses d\u00e9monstrations sont d\u2019une \ntr\u00e8s belle technicit\u00e9, po\u00e9tiques, et surprenantes \u00e0 chaque fois. <\/p>\n\n\n\n<p><strong>Colas \u2013 <\/strong>Cette photo a \u00e9t\u00e9 prise lors de mon premier \nessai \u00e0 l\u2019\u00e9cole de cirque du Lido, o\u00f9 nous avions pour consigne de faire\n d\u00e9couvrir au public qui nous \u00e9tions. <\/p>\n\n\n\n<p>Tout juste arriv\u00e9 \u00e0 Toulouse, j\u2019habitais dans un appartement en \ntravaux, aux murs nus, avec des b\u00e2ches recouvrant le sol.&nbsp; Travailler \navec de la peinture sur la piste&nbsp;\u00e9tait une mani\u00e8re de parler de mon \nenvironnement, mais aussi de faire un lien avec mon p\u00e8re sculpteur. \nPromettant d\u2019\u00eatre salissant, j\u2019ai utilis\u00e9 une b\u00e2che pour prot\u00e9ger le \nsol. Avec une musique oppressante, et une b\u00e2che de couleur bleue, je \nvoulais \u00e9voquer le froid. En me drapant finalement dans cette mati\u00e8re \nt\u00e2ch\u00e9e par la peinture, je me suis transform\u00e9 en sculpture vivante, et \nexprim\u00e9 ce froid qui m\u2019envahissait au quotidien. Bien s\u00fbr, \u00e0 la fin de \nla pr\u00e9sentation, le sol n\u2019avait pas \u00e9t\u00e9 laiss\u00e9 indemne par toute cette \npeinture\u2026 <\/p>\n\n\n\n<p>Depuis, j\u2019ai toujours essay\u00e9 de proposer au public \u00e9norm\u00e9ment de \nchoses diff\u00e9rentes, en restant &nbsp;toujours dans une dynamique de cr\u00e9ation.\n <\/p>\n\n\n\n<p>Envie d\u2019avoir cette photo chez vous? Alors jetez un oeil sur cette page : <a href=\"http:\/\/www.christophetrouilhet.fr\/welcome\/un-tirage-original-chez-vous\/\">http:\/\/www.christophetrouilhet.fr\/welcome\/un-tirage-original-chez-vous\/<\/a><\/p>\n\n\n\n<p>Et pour suivre l&rsquo;actualit\u00e9 de Colas, rendez vous sur son site Internet : <a href=\"http:\/\/www.colasrouanet.com\" target=\"_blank\" rel=\"noreferrer noopener\" aria-label=\" (s\u2019ouvre dans un nouvel onglet)\">http:\/\/www.colasrouanet.com<\/a><\/p>\n","protected":false},"excerpt":{"rendered":"<p>Cette photo et ce texte sont tir\u00e9s de l\u2019expo \u00ab&nbsp;Paroles de Circassiens&nbsp;\u00bb : http:\/\/www.christophetrouilhet.fr\/welcome\/exposition-2019-paroles-de-circassiens\/ Christophe \u2013 Colas est un \u00eatre \u00e0 part. Plus que sa technique de jonglerie, c\u2019est &nbsp;un univers riche, et rempli de po\u00e9sie qu\u2019il nous offre \u00e0 chaque repr\u00e9sentation. Artiste multi facettes, profond\u00e9ment humain et ouvert aux autres, ses d\u00e9monstrations sont d\u2019une &hellip; <\/p>\n<p class=\"link-more\"><a href=\"http:\/\/www.christophetrouilhet.fr\/welcome\/photo-froid-avec-colas-rouanet\/\" class=\"more-link\">Continuer la lecture<span class=\"screen-reader-text\"> de &laquo;&nbsp;Photo : \u00ab Froid \u00bb, avec Colas Rouanet&nbsp;&raquo;<\/span><\/a><\/p>\n","protected":false},"author":1,"featured_media":0,"parent":0,"menu_order":0,"comment_status":"closed","ping_status":"closed","template":"","meta":[],"yoast_head":"<!-- This site is optimized with the Yoast SEO plugin v16.1.1 - https:\/\/yoast.com\/wordpress\/plugins\/seo\/ -->\n<title>Photo : \u00ab Froid \u00bb, avec Colas Rouanet - Christophe Trouilhet<\/title>\n<link rel=\"canonical\" href=\"http:\/\/www.christophetrouilhet.fr\/welcome\/photo-froid-avec-colas-rouanet\/\" \/>\n<meta property=\"og:locale\" content=\"fr_FR\" \/>\n<meta property=\"og:type\" content=\"article\" \/>\n<meta property=\"og:title\" content=\"Photo : \u00ab Froid \u00bb, avec Colas Rouanet - Christophe Trouilhet\" \/>\n<meta property=\"og:description\" content=\"Cette photo et ce texte sont tir\u00e9s de l\u2019expo \u00ab&nbsp;Paroles de Circassiens&nbsp;\u00bb : http:\/\/www.christophetrouilhet.fr\/welcome\/exposition-2019-paroles-de-circassiens\/ Christophe \u2013 Colas est un \u00eatre \u00e0 part. Plus que sa technique de jonglerie, c\u2019est &nbsp;un univers riche, et rempli de po\u00e9sie qu\u2019il nous offre \u00e0 chaque repr\u00e9sentation. Artiste multi facettes, profond\u00e9ment humain et ouvert aux autres, ses d\u00e9monstrations sont d\u2019une &hellip; Continuer la lecture de &laquo;&nbsp;Photo : \u00ab Froid \u00bb, avec Colas Rouanet&nbsp;&raquo;\" \/>\n<meta property=\"og:url\" content=\"http:\/\/www.christophetrouilhet.fr\/welcome\/photo-froid-avec-colas-rouanet\/\" \/>\n<meta property=\"og:site_name\" content=\"Christophe Trouilhet\" \/>\n<meta property=\"article:modified_time\" content=\"2019-07-12T12:06:15+00:00\" \/>\n<meta property=\"og:image\" content=\"http:\/\/www.christophetrouilhet.fr\/welcome\/wp-content\/uploads\/2019\/07\/081015_U7A9380.jpg\" \/>\n<meta name=\"twitter:card\" content=\"summary_large_image\" \/>\n<meta name=\"twitter:label1\" content=\"Dur\u00e9e de lecture est.\">\n\t<meta name=\"twitter:data1\" content=\"1 minute\">\n<script type=\"application\/ld+json\" class=\"yoast-schema-graph\">{\"@context\":\"https:\/\/schema.org\",\"@graph\":[{\"@type\":\"WebSite\",\"@id\":\"http:\/\/www.christophetrouilhet.fr\/welcome\/#website\",\"url\":\"http:\/\/www.christophetrouilhet.fr\/welcome\/\",\"name\":\"Christophe Trouilhet\",\"description\":\"Artiste Photographe de Cirque\",\"potentialAction\":[{\"@type\":\"SearchAction\",\"target\":\"http:\/\/www.christophetrouilhet.fr\/welcome\/?s={search_term_string}\",\"query-input\":\"required name=search_term_string\"}],\"inLanguage\":\"fr-FR\"},{\"@type\":\"ImageObject\",\"@id\":\"http:\/\/www.christophetrouilhet.fr\/welcome\/photo-froid-avec-colas-rouanet\/#primaryimage\",\"inLanguage\":\"fr-FR\",\"url\":\"http:\/\/www.christophetrouilhet.fr\/welcome\/wp-content\/uploads\/2019\/07\/081015_U7A9380.jpg\",\"contentUrl\":\"http:\/\/www.christophetrouilhet.fr\/welcome\/wp-content\/uploads\/2019\/07\/081015_U7A9380.jpg\",\"width\":333,\"height\":500,\"caption\":\"Froid, avec Colas Rouanet\"},{\"@type\":\"WebPage\",\"@id\":\"http:\/\/www.christophetrouilhet.fr\/welcome\/photo-froid-avec-colas-rouanet\/#webpage\",\"url\":\"http:\/\/www.christophetrouilhet.fr\/welcome\/photo-froid-avec-colas-rouanet\/\",\"name\":\"Photo : \\u00ab Froid \\u00bb, avec Colas Rouanet - Christophe Trouilhet\",\"isPartOf\":{\"@id\":\"http:\/\/www.christophetrouilhet.fr\/welcome\/#website\"},\"primaryImageOfPage\":{\"@id\":\"http:\/\/www.christophetrouilhet.fr\/welcome\/photo-froid-avec-colas-rouanet\/#primaryimage\"},\"datePublished\":\"2019-07-11T08:08:51+00:00\",\"dateModified\":\"2019-07-12T12:06:15+00:00\",\"breadcrumb\":{\"@id\":\"http:\/\/www.christophetrouilhet.fr\/welcome\/photo-froid-avec-colas-rouanet\/#breadcrumb\"},\"inLanguage\":\"fr-FR\",\"potentialAction\":[{\"@type\":\"ReadAction\",\"target\":[\"http:\/\/www.christophetrouilhet.fr\/welcome\/photo-froid-avec-colas-rouanet\/\"]}]},{\"@type\":\"BreadcrumbList\",\"@id\":\"http:\/\/www.christophetrouilhet.fr\/welcome\/photo-froid-avec-colas-rouanet\/#breadcrumb\",\"itemListElement\":[{\"@type\":\"ListItem\",\"position\":1,\"item\":{\"@type\":\"WebPage\",\"@id\":\"http:\/\/www.christophetrouilhet.fr\/welcome\/\",\"url\":\"http:\/\/www.christophetrouilhet.fr\/welcome\/\",\"name\":\"Accueil\"}},{\"@type\":\"ListItem\",\"position\":2,\"item\":{\"@type\":\"WebPage\",\"@id\":\"http:\/\/www.christophetrouilhet.fr\/welcome\/photo-froid-avec-colas-rouanet\/\",\"url\":\"http:\/\/www.christophetrouilhet.fr\/welcome\/photo-froid-avec-colas-rouanet\/\",\"name\":\"Photo : \\u00ab Froid \\u00bb, avec Colas Rouanet\"}}]}]}<\/script>\n<!-- \/ Yoast SEO plugin. -->","_links":{"self":[{"href":"http:\/\/www.christophetrouilhet.fr\/welcome\/wp-json\/wp\/v2\/pages\/198"}],"collection":[{"href":"http:\/\/www.christophetrouilhet.fr\/welcome\/wp-json\/wp\/v2\/pages"}],"about":[{"href":"http:\/\/www.christophetrouilhet.fr\/welcome\/wp-json\/wp\/v2\/types\/page"}],"author":[{"embeddable":true,"href":"http:\/\/www.christophetrouilhet.fr\/welcome\/wp-json\/wp\/v2\/users\/1"}],"replies":[{"embeddable":true,"href":"http:\/\/www.christophetrouilhet.fr\/welcome\/wp-json\/wp\/v2\/comments?post=198"}],"version-history":[{"count":5,"href":"http:\/\/www.christophetrouilhet.fr\/welcome\/wp-json\/wp\/v2\/pages\/198\/revisions"}],"predecessor-version":[{"id":257,"href":"http:\/\/www.christophetrouilhet.fr\/welcome\/wp-json\/wp\/v2\/pages\/198\/revisions\/257"}],"wp:attachment":[{"href":"http:\/\/www.christophetrouilhet.fr\/welcome\/wp-json\/wp\/v2\/media?parent=198"}],"curies":[{"name":"wp","href":"https:\/\/api.w.org\/{rel}","templated":true}]}}