{"id":211,"date":"2019-07-11T11:01:15","date_gmt":"2019-07-11T09:01:15","guid":{"rendered":"http:\/\/www.christophetrouilhet.fr\/welcome\/?page_id=211"},"modified":"2019-07-12T14:06:47","modified_gmt":"2019-07-12T12:06:47","slug":"photo-tout-est-possible-avec-julia-mathez","status":"publish","type":"page","link":"http:\/\/www.christophetrouilhet.fr\/welcome\/photo-tout-est-possible-avec-julia-mathez\/","title":{"rendered":"Photo : \u00ab Tout est possible \u00bb, avec Julia Mathez"},"content":{"rendered":"\n<p> Cette photo et ce texte sont tir\u00e9s de l\u2019expo \u00ab&nbsp;Paroles de Circassiens&nbsp;\u00bb : <a href=\"http:\/\/www.christophetrouilhet.fr\/welcome\/exposition-2019-paroles-de-circassiens\/\">http:\/\/www.christophetrouilhet.fr\/welcome\/exposition-2019-paroles-de-circassiens\/<\/a><\/p>\n\n\n\n<div class=\"wp-block-image\"><figure class=\"alignleft\"><img loading=\"lazy\" width=\"333\" height=\"500\" src=\"http:\/\/www.christophetrouilhet.fr\/welcome\/wp-content\/uploads\/2019\/07\/120424_20B7443.jpg\" alt=\"\" class=\"wp-image-212\" srcset=\"http:\/\/www.christophetrouilhet.fr\/welcome\/wp-content\/uploads\/2019\/07\/120424_20B7443.jpg 333w, http:\/\/www.christophetrouilhet.fr\/welcome\/wp-content\/uploads\/2019\/07\/120424_20B7443-200x300.jpg 200w\" sizes=\"(max-width: 333px) 100vw, 333px\" \/><\/figure><\/div>\n\n\n\n<p><strong>Christophe<\/strong> \u2013 Julia fait souffler sur le public une brise de cr\u00e9ativit\u00e9 avec un brin de folie, construisant autour de son fil, une situation th\u00e9\u00e2trale toute enti\u00e8re. Sa passion et son sourire nous font oublier sa situation d\u2019\u00e9quilibre pr\u00e9caire, et nous transporte \u00e0 chaque fois dans son univers. <\/p>\n\n\n\n<p><strong>Julia<\/strong> \u2013 Je me souviens d\u2019un essai de cirque \u00ab grand large \u00bb ce soir-l\u00e0, un essai o\u00f9 tout est possible, tout est jeu, tout est l\u00e0, maintenant. Sur cette photo il \u00e9tait question d\u2019une vente aux ench\u00e8res au public d\u2019un num\u00e9ro de fil. De ce qu\u2019ils me donnaient, de ce qu\u2019ils \u00e9taient pr\u00eats \u00e0 me donner. Petit \u00e0 petit, l\u2019ench\u00e8re s\u2019est mise en place, le public assis, et moi sur le fil. Hilare et espi\u00e8gle. Jusqu\u2019o\u00f9 aller ? O\u00f9 est la limite, quand on est artiste, pour \u00ab se vendre \u00bb ? &nbsp;<\/p>\n\n\n\n<p><strong>Julia<\/strong> \u2013 Je me souviens d\u2019un essai de cirque \u00ab grand large \u00bb ce soir-l\u00e0, un essai o\u00f9 tout est possible, tout est jeu, tout est l\u00e0, maintenant. Sur cette photo il \u00e9tait question d\u2019une vente aux ench\u00e8res au public d\u2019un num\u00e9ro de fil. De ce qu\u2019ils me donnaient, de ce qu\u2019ils \u00e9taient pr\u00eats \u00e0 me donner. Petit \u00e0 petit, l\u2019ench\u00e8re s\u2019est mise en place, le public assis, et moi sur le fil. Hilare et espi\u00e8gle. Jusqu\u2019o\u00f9 aller ? O\u00f9 est la limite, quand on est artiste, pour \u00ab se vendre \u00bb ? \u00a0<\/p>\n\n\n\n<p>A cette \u00e9poque,&nbsp; je revenais d\u2019une tourn\u00e9e en Am\u00e9rique du Sud. Trois mois d\u2019aventure humaine et artistique, une immersion dans les langues et accents, contemplation des paysages des Andes, int\u00e9riorit\u00e9. Et le retour en France, langue, culture, climat, rythme, \u2026 diff\u00e9rents. Et la libert\u00e9. 26 ans et demi, fil-de-f\u00e9riste, des chaussettes p\u00e9ruviennes aux pieds. Tout est possible. <\/p>\n\n\n\n<p>Aujourd\u2019hui j\u2019habite \u00e0 Annecy, ma ville natale, o\u00f9 j\u2019ai cr\u00e9\u00e9 une compagnie de spectacle vivant avec des musiciennes harpistes, et o\u00f9 nous proposons \u00e9galement des ateliers de transmission autour des arts du cirque, de la danse et de la harpe. <\/p>\n\n\n\n<p><\/p>\n\n\n\n<p>Retrouvez toute l&rsquo;actualit\u00e9 de Julia sur son site Internet : <a href=\"http:\/\/www.oleia.fr\" target=\"_blank\" rel=\"noreferrer noopener\" aria-label=\" (s\u2019ouvre dans un nouvel onglet)\">http:\/\/www.oleia.fr<\/a><\/p>\n","protected":false},"excerpt":{"rendered":"<p>Cette photo et ce texte sont tir\u00e9s de l\u2019expo \u00ab&nbsp;Paroles de Circassiens&nbsp;\u00bb : http:\/\/www.christophetrouilhet.fr\/welcome\/exposition-2019-paroles-de-circassiens\/ Christophe \u2013 Julia fait souffler sur le public une brise de cr\u00e9ativit\u00e9 avec un brin de folie, construisant autour de son fil, une situation th\u00e9\u00e2trale toute enti\u00e8re. Sa passion et son sourire nous font oublier sa situation d\u2019\u00e9quilibre pr\u00e9caire, et nous &hellip; <\/p>\n<p class=\"link-more\"><a href=\"http:\/\/www.christophetrouilhet.fr\/welcome\/photo-tout-est-possible-avec-julia-mathez\/\" class=\"more-link\">Continuer la lecture<span class=\"screen-reader-text\"> de &laquo;&nbsp;Photo : \u00ab Tout est possible \u00bb, avec Julia Mathez&nbsp;&raquo;<\/span><\/a><\/p>\n","protected":false},"author":1,"featured_media":0,"parent":0,"menu_order":0,"comment_status":"closed","ping_status":"closed","template":"","meta":[],"yoast_head":"<!-- This site is optimized with the Yoast SEO plugin v16.1.1 - https:\/\/yoast.com\/wordpress\/plugins\/seo\/ -->\n<title>Photo : \u00ab Tout est possible \u00bb, avec Julia Mathez - Christophe Trouilhet<\/title>\n<link rel=\"canonical\" href=\"http:\/\/www.christophetrouilhet.fr\/welcome\/photo-tout-est-possible-avec-julia-mathez\/\" \/>\n<meta property=\"og:locale\" content=\"fr_FR\" \/>\n<meta property=\"og:type\" content=\"article\" \/>\n<meta property=\"og:title\" content=\"Photo : \u00ab Tout est possible \u00bb, avec Julia Mathez - Christophe Trouilhet\" \/>\n<meta property=\"og:description\" content=\"Cette photo et ce texte sont tir\u00e9s de l\u2019expo \u00ab&nbsp;Paroles de Circassiens&nbsp;\u00bb : http:\/\/www.christophetrouilhet.fr\/welcome\/exposition-2019-paroles-de-circassiens\/ Christophe \u2013 Julia fait souffler sur le public une brise de cr\u00e9ativit\u00e9 avec un brin de folie, construisant autour de son fil, une situation th\u00e9\u00e2trale toute enti\u00e8re. Sa passion et son sourire nous font oublier sa situation d\u2019\u00e9quilibre pr\u00e9caire, et nous &hellip; Continuer la lecture de &laquo;&nbsp;Photo : \u00ab Tout est possible \u00bb, avec Julia Mathez&nbsp;&raquo;\" \/>\n<meta property=\"og:url\" content=\"http:\/\/www.christophetrouilhet.fr\/welcome\/photo-tout-est-possible-avec-julia-mathez\/\" \/>\n<meta property=\"og:site_name\" content=\"Christophe Trouilhet\" \/>\n<meta property=\"article:modified_time\" content=\"2019-07-12T12:06:47+00:00\" \/>\n<meta property=\"og:image\" content=\"http:\/\/www.christophetrouilhet.fr\/welcome\/wp-content\/uploads\/2019\/07\/120424_20B7443.jpg\" \/>\n<meta name=\"twitter:card\" content=\"summary_large_image\" \/>\n<meta name=\"twitter:label1\" content=\"Dur\u00e9e de lecture est.\">\n\t<meta name=\"twitter:data1\" content=\"2 minutes\">\n<script type=\"application\/ld+json\" class=\"yoast-schema-graph\">{\"@context\":\"https:\/\/schema.org\",\"@graph\":[{\"@type\":\"WebSite\",\"@id\":\"http:\/\/www.christophetrouilhet.fr\/welcome\/#website\",\"url\":\"http:\/\/www.christophetrouilhet.fr\/welcome\/\",\"name\":\"Christophe Trouilhet\",\"description\":\"Artiste Photographe de Cirque\",\"potentialAction\":[{\"@type\":\"SearchAction\",\"target\":\"http:\/\/www.christophetrouilhet.fr\/welcome\/?s={search_term_string}\",\"query-input\":\"required name=search_term_string\"}],\"inLanguage\":\"fr-FR\"},{\"@type\":\"ImageObject\",\"@id\":\"http:\/\/www.christophetrouilhet.fr\/welcome\/photo-tout-est-possible-avec-julia-mathez\/#primaryimage\",\"inLanguage\":\"fr-FR\",\"url\":\"http:\/\/www.christophetrouilhet.fr\/welcome\/wp-content\/uploads\/2019\/07\/120424_20B7443.jpg\",\"contentUrl\":\"http:\/\/www.christophetrouilhet.fr\/welcome\/wp-content\/uploads\/2019\/07\/120424_20B7443.jpg\",\"width\":333,\"height\":500,\"caption\":\"Tout est possible - Julia Mathez\"},{\"@type\":\"WebPage\",\"@id\":\"http:\/\/www.christophetrouilhet.fr\/welcome\/photo-tout-est-possible-avec-julia-mathez\/#webpage\",\"url\":\"http:\/\/www.christophetrouilhet.fr\/welcome\/photo-tout-est-possible-avec-julia-mathez\/\",\"name\":\"Photo : \\u00ab Tout est possible \\u00bb, avec Julia Mathez - Christophe Trouilhet\",\"isPartOf\":{\"@id\":\"http:\/\/www.christophetrouilhet.fr\/welcome\/#website\"},\"primaryImageOfPage\":{\"@id\":\"http:\/\/www.christophetrouilhet.fr\/welcome\/photo-tout-est-possible-avec-julia-mathez\/#primaryimage\"},\"datePublished\":\"2019-07-11T09:01:15+00:00\",\"dateModified\":\"2019-07-12T12:06:47+00:00\",\"breadcrumb\":{\"@id\":\"http:\/\/www.christophetrouilhet.fr\/welcome\/photo-tout-est-possible-avec-julia-mathez\/#breadcrumb\"},\"inLanguage\":\"fr-FR\",\"potentialAction\":[{\"@type\":\"ReadAction\",\"target\":[\"http:\/\/www.christophetrouilhet.fr\/welcome\/photo-tout-est-possible-avec-julia-mathez\/\"]}]},{\"@type\":\"BreadcrumbList\",\"@id\":\"http:\/\/www.christophetrouilhet.fr\/welcome\/photo-tout-est-possible-avec-julia-mathez\/#breadcrumb\",\"itemListElement\":[{\"@type\":\"ListItem\",\"position\":1,\"item\":{\"@type\":\"WebPage\",\"@id\":\"http:\/\/www.christophetrouilhet.fr\/welcome\/\",\"url\":\"http:\/\/www.christophetrouilhet.fr\/welcome\/\",\"name\":\"Accueil\"}},{\"@type\":\"ListItem\",\"position\":2,\"item\":{\"@type\":\"WebPage\",\"@id\":\"http:\/\/www.christophetrouilhet.fr\/welcome\/photo-tout-est-possible-avec-julia-mathez\/\",\"url\":\"http:\/\/www.christophetrouilhet.fr\/welcome\/photo-tout-est-possible-avec-julia-mathez\/\",\"name\":\"Photo : \\u00ab Tout est possible \\u00bb, avec Julia Mathez\"}}]}]}<\/script>\n<!-- \/ Yoast SEO plugin. -->","_links":{"self":[{"href":"http:\/\/www.christophetrouilhet.fr\/welcome\/wp-json\/wp\/v2\/pages\/211"}],"collection":[{"href":"http:\/\/www.christophetrouilhet.fr\/welcome\/wp-json\/wp\/v2\/pages"}],"about":[{"href":"http:\/\/www.christophetrouilhet.fr\/welcome\/wp-json\/wp\/v2\/types\/page"}],"author":[{"embeddable":true,"href":"http:\/\/www.christophetrouilhet.fr\/welcome\/wp-json\/wp\/v2\/users\/1"}],"replies":[{"embeddable":true,"href":"http:\/\/www.christophetrouilhet.fr\/welcome\/wp-json\/wp\/v2\/comments?post=211"}],"version-history":[{"count":7,"href":"http:\/\/www.christophetrouilhet.fr\/welcome\/wp-json\/wp\/v2\/pages\/211\/revisions"}],"predecessor-version":[{"id":258,"href":"http:\/\/www.christophetrouilhet.fr\/welcome\/wp-json\/wp\/v2\/pages\/211\/revisions\/258"}],"wp:attachment":[{"href":"http:\/\/www.christophetrouilhet.fr\/welcome\/wp-json\/wp\/v2\/media?parent=211"}],"curies":[{"name":"wp","href":"https:\/\/api.w.org\/{rel}","templated":true}]}}