{"id":183,"date":"2019-07-11T09:39:11","date_gmt":"2019-07-11T07:39:11","guid":{"rendered":"http:\/\/www.christophetrouilhet.fr\/welcome\/?page_id=183"},"modified":"2019-07-25T06:33:11","modified_gmt":"2019-07-25T04:33:11","slug":"photos-2","status":"publish","type":"page","link":"https:\/\/www.christophetrouilhet.fr\/welcome\/photos-2\/","title":{"rendered":"Photos"},"content":{"rendered":"\n<p>Retrouvez dans cet espace :<\/p>\n\n\n\n<p>Quelques photos composant les diverses expositions ( Acc\u00e9dez \u00e0 toutes les photos \u00e0 partir de la page d\u00e9di\u00e9e : <a href=\"http:\/\/www.christophetrouilhet.fr\/welcome\/portfolio\/\">http:\/\/www.christophetrouilhet.fr\/welcome\/portfolio\/<\/a> )<\/p>\n\n\n\n<ul class=\"wp-block-gallery columns-3 is-cropped\"><li class=\"blocks-gallery-item\"><figure><img loading=\"lazy\" width=\"333\" height=\"500\" src=\"http:\/\/www.christophetrouilhet.fr\/welcome\/wp-content\/uploads\/2019\/07\/081015_U7A9380.jpg\" alt=\"\" data-id=\"188\" data-link=\"http:\/\/www.christophetrouilhet.fr\/welcome\/2019\/07\/11\/froid-avec-colas-rouanet__trashed\/081015_u7a9380\/\" class=\"wp-image-188\" srcset=\"https:\/\/www.christophetrouilhet.fr\/welcome\/wp-content\/uploads\/2019\/07\/081015_U7A9380.jpg 333w, https:\/\/www.christophetrouilhet.fr\/welcome\/wp-content\/uploads\/2019\/07\/081015_U7A9380-200x300.jpg 200w\" sizes=\"(max-width: 333px) 100vw, 333px\" \/><figcaption>Froid, avec Colas Rouanet<\/figcaption><\/figure><\/li><li class=\"blocks-gallery-item\"><figure><img loading=\"lazy\" width=\"333\" height=\"500\" src=\"http:\/\/www.christophetrouilhet.fr\/welcome\/wp-content\/uploads\/2019\/07\/120424_20B7443.jpg\" alt=\"Tout est possible - Julia Mathez\" data-id=\"212\" data-link=\"http:\/\/www.christophetrouilhet.fr\/welcome\/photo-tout-est-possible-avec-julia-mathez\/120424_20b7443\/\" class=\"wp-image-212\" srcset=\"https:\/\/www.christophetrouilhet.fr\/welcome\/wp-content\/uploads\/2019\/07\/120424_20B7443.jpg 333w, https:\/\/www.christophetrouilhet.fr\/welcome\/wp-content\/uploads\/2019\/07\/120424_20B7443-200x300.jpg 200w\" sizes=\"(max-width: 333px) 100vw, 333px\" \/><figcaption>Tout est possible, avec Julia Mathez<\/figcaption><\/figure><\/li><li class=\"blocks-gallery-item\"><figure><img loading=\"lazy\" width=\"333\" height=\"500\" src=\"http:\/\/www.christophetrouilhet.fr\/welcome\/wp-content\/uploads\/2019\/07\/161013_20B5327.jpg\" alt=\"Equilibre precaire - Aidan Rolinson-Raiford\" data-id=\"250\" data-link=\"http:\/\/www.christophetrouilhet.fr\/welcome\/photo-equilibre-precaire-avec-aidan-rolinson-raiford\/161013_20b5327\/\" class=\"wp-image-250\" srcset=\"https:\/\/www.christophetrouilhet.fr\/welcome\/wp-content\/uploads\/2019\/07\/161013_20B5327.jpg 333w, https:\/\/www.christophetrouilhet.fr\/welcome\/wp-content\/uploads\/2019\/07\/161013_20B5327-200x300.jpg 200w\" sizes=\"(max-width: 333px) 100vw, 333px\" \/><figcaption>Equilibre pr\u00e9caire, avec Aidan Rolinson-Raiford<\/figcaption><\/figure><\/li><\/ul>\n\n\n\n<p>Les reportages r\u00e9alis\u00e9s avec Photolosa (<a href=\"http:\/\/www.christophetrouilhet.fr\/welcome\/category\/reportages\/\">http:\/\/www.christophetrouilhet.fr\/welcome\/category\/reportages\/<\/a>)<\/p>\n\n\n\n<p><\/p>\n\n\n\n<p>Envie d\u2019avoir une \u0153uvre originale chez vous? Alors jetez un \u0153il sur cette page : <a href=\"http:\/\/www.christophetrouilhet.fr\/welcome\/un-tirage-original-chez-vous\/\">http:\/\/www.christophetrouilhet.fr\/welcome\/un-tirage-original-chez-vous\/<\/a><\/p>\n","protected":false},"excerpt":{"rendered":"<p>Retrouvez dans cet espace : Quelques photos composant les diverses expositions ( Acc\u00e9dez \u00e0 toutes les photos \u00e0 partir de la page d\u00e9di\u00e9e : http:\/\/www.christophetrouilhet.fr\/welcome\/portfolio\/ ) Les reportages r\u00e9alis\u00e9s avec Photolosa (http:\/\/www.christophetrouilhet.fr\/welcome\/category\/reportages\/)<\/p>\n","protected":false},"author":1,"featured_media":0,"parent":0,"menu_order":0,"comment_status":"closed","ping_status":"closed","template":"","meta":[],"yoast_head":"<!-- This site is optimized with the Yoast SEO plugin v16.1.1 - https:\/\/yoast.com\/wordpress\/plugins\/seo\/ -->\n<title>Photos - Christophe Trouilhet<\/title>\n<link rel=\"canonical\" href=\"https:\/\/www.christophetrouilhet.fr\/welcome\/photos-2\/\" \/>\n<meta property=\"og:locale\" content=\"fr_FR\" \/>\n<meta property=\"og:type\" content=\"article\" \/>\n<meta property=\"og:title\" content=\"Photos - Christophe Trouilhet\" \/>\n<meta property=\"og:description\" content=\"Retrouvez dans cet espace : Quelques photos composant les diverses expositions ( Acc\u00e9dez \u00e0 toutes les photos \u00e0 partir de la page d\u00e9di\u00e9e : http:\/\/www.christophetrouilhet.fr\/welcome\/portfolio\/ ) Les reportages r\u00e9alis\u00e9s avec Photolosa (http:\/\/www.christophetrouilhet.fr\/welcome\/category\/reportages\/)\" \/>\n<meta property=\"og:url\" content=\"https:\/\/www.christophetrouilhet.fr\/welcome\/photos-2\/\" \/>\n<meta property=\"og:site_name\" content=\"Christophe Trouilhet\" \/>\n<meta property=\"article:modified_time\" content=\"2019-07-25T04:33:11+00:00\" \/>\n<meta property=\"og:image\" content=\"http:\/\/www.christophetrouilhet.fr\/welcome\/wp-content\/uploads\/2019\/07\/081015_U7A9380.jpg\" \/>\n<meta name=\"twitter:card\" content=\"summary_large_image\" \/>\n<script type=\"application\/ld+json\" class=\"yoast-schema-graph\">{\"@context\":\"https:\/\/schema.org\",\"@graph\":[{\"@type\":\"WebSite\",\"@id\":\"http:\/\/www.christophetrouilhet.fr\/welcome\/#website\",\"url\":\"http:\/\/www.christophetrouilhet.fr\/welcome\/\",\"name\":\"Christophe Trouilhet\",\"description\":\"Artiste Photographe de Cirque\",\"potentialAction\":[{\"@type\":\"SearchAction\",\"target\":\"http:\/\/www.christophetrouilhet.fr\/welcome\/?s={search_term_string}\",\"query-input\":\"required name=search_term_string\"}],\"inLanguage\":\"fr-FR\"},{\"@type\":\"ImageObject\",\"@id\":\"https:\/\/www.christophetrouilhet.fr\/welcome\/photos-2\/#primaryimage\",\"inLanguage\":\"fr-FR\",\"url\":\"http:\/\/www.christophetrouilhet.fr\/welcome\/wp-content\/uploads\/2019\/07\/081015_U7A9380.jpg\",\"contentUrl\":\"http:\/\/www.christophetrouilhet.fr\/welcome\/wp-content\/uploads\/2019\/07\/081015_U7A9380.jpg\"},{\"@type\":\"WebPage\",\"@id\":\"https:\/\/www.christophetrouilhet.fr\/welcome\/photos-2\/#webpage\",\"url\":\"https:\/\/www.christophetrouilhet.fr\/welcome\/photos-2\/\",\"name\":\"Photos - Christophe Trouilhet\",\"isPartOf\":{\"@id\":\"http:\/\/www.christophetrouilhet.fr\/welcome\/#website\"},\"primaryImageOfPage\":{\"@id\":\"https:\/\/www.christophetrouilhet.fr\/welcome\/photos-2\/#primaryimage\"},\"datePublished\":\"2019-07-11T07:39:11+00:00\",\"dateModified\":\"2019-07-25T04:33:11+00:00\",\"breadcrumb\":{\"@id\":\"https:\/\/www.christophetrouilhet.fr\/welcome\/photos-2\/#breadcrumb\"},\"inLanguage\":\"fr-FR\",\"potentialAction\":[{\"@type\":\"ReadAction\",\"target\":[\"https:\/\/www.christophetrouilhet.fr\/welcome\/photos-2\/\"]}]},{\"@type\":\"BreadcrumbList\",\"@id\":\"https:\/\/www.christophetrouilhet.fr\/welcome\/photos-2\/#breadcrumb\",\"itemListElement\":[{\"@type\":\"ListItem\",\"position\":1,\"item\":{\"@type\":\"WebPage\",\"@id\":\"http:\/\/www.christophetrouilhet.fr\/welcome\/\",\"url\":\"http:\/\/www.christophetrouilhet.fr\/welcome\/\",\"name\":\"Accueil\"}},{\"@type\":\"ListItem\",\"position\":2,\"item\":{\"@type\":\"WebPage\",\"@id\":\"https:\/\/www.christophetrouilhet.fr\/welcome\/photos-2\/\",\"url\":\"https:\/\/www.christophetrouilhet.fr\/welcome\/photos-2\/\",\"name\":\"Photos\"}}]}]}<\/script>\n<!-- \/ Yoast SEO plugin. -->","_links":{"self":[{"href":"https:\/\/www.christophetrouilhet.fr\/welcome\/wp-json\/wp\/v2\/pages\/183"}],"collection":[{"href":"https:\/\/www.christophetrouilhet.fr\/welcome\/wp-json\/wp\/v2\/pages"}],"about":[{"href":"https:\/\/www.christophetrouilhet.fr\/welcome\/wp-json\/wp\/v2\/types\/page"}],"author":[{"embeddable":true,"href":"https:\/\/www.christophetrouilhet.fr\/welcome\/wp-json\/wp\/v2\/users\/1"}],"replies":[{"embeddable":true,"href":"https:\/\/www.christophetrouilhet.fr\/welcome\/wp-json\/wp\/v2\/comments?post=183"}],"version-history":[{"count":13,"href":"https:\/\/www.christophetrouilhet.fr\/welcome\/wp-json\/wp\/v2\/pages\/183\/revisions"}],"predecessor-version":[{"id":264,"href":"https:\/\/www.christophetrouilhet.fr\/welcome\/wp-json\/wp\/v2\/pages\/183\/revisions\/264"}],"wp:attachment":[{"href":"https:\/\/www.christophetrouilhet.fr\/welcome\/wp-json\/wp\/v2\/media?parent=183"}],"curies":[{"name":"wp","href":"https:\/\/api.w.org\/{rel}","templated":true}]}}