{"id":68,"date":"2018-09-25T14:46:23","date_gmt":"2018-09-25T12:46:23","guid":{"rendered":"http:\/\/www.christophetrouilhet.fr\/welcome\/?page_id=68"},"modified":"2019-06-04T13:56:54","modified_gmt":"2019-06-04T11:56:54","slug":"accueil","status":"publish","type":"page","link":"https:\/\/www.christophetrouilhet.fr\/welcome\/","title":{"rendered":"Bienvenue"},"content":{"rendered":"\n<p>Bienvenue sur le site Internet officiel de Christophe Trouilhet, artiste photographe de cirque.<\/p>\n\n\n\n<p>Vous trouverez ici toute son actualit\u00e9 artistique, des infos sur les expositions pass\u00e9es et \u00e0 venir, quelques unes de ses photos, ainsi que ses coordonn\u00e9es.<br><br><\/p>\n\n\n\n<p><br><\/p>\n","protected":false},"excerpt":{"rendered":"<p>Bienvenue sur le site Internet officiel de Christophe Trouilhet, artiste photographe de cirque. Vous trouverez ici toute son actualit\u00e9 artistique, des infos sur les expositions pass\u00e9es et \u00e0 venir, quelques unes de ses photos, ainsi que ses coordonn\u00e9es.<\/p>\n","protected":false},"author":1,"featured_media":0,"parent":0,"menu_order":0,"comment_status":"closed","ping_status":"closed","template":"","meta":[],"yoast_head":"<!-- This site is optimized with the Yoast SEO plugin v16.1.1 - https:\/\/yoast.com\/wordpress\/plugins\/seo\/ -->\n<title>Bienvenue - Christophe Trouilhet<\/title>\n<link rel=\"canonical\" href=\"http:\/\/www.christophetrouilhet.fr\/welcome\/\" \/>\n<meta property=\"og:locale\" content=\"fr_FR\" \/>\n<meta property=\"og:type\" content=\"article\" \/>\n<meta property=\"og:title\" content=\"Bienvenue - Christophe Trouilhet\" \/>\n<meta property=\"og:description\" content=\"Bienvenue sur le site Internet officiel de Christophe Trouilhet, artiste photographe de cirque. Vous trouverez ici toute son actualit\u00e9 artistique, des infos sur les expositions pass\u00e9es et \u00e0 venir, quelques unes de ses photos, ainsi que ses coordonn\u00e9es.\" \/>\n<meta property=\"og:url\" content=\"http:\/\/www.christophetrouilhet.fr\/welcome\/\" \/>\n<meta property=\"og:site_name\" content=\"Christophe Trouilhet\" \/>\n<meta property=\"article:modified_time\" content=\"2019-06-04T11:56:54+00:00\" \/>\n<meta name=\"twitter:card\" content=\"summary_large_image\" \/>\n<script type=\"application\/ld+json\" class=\"yoast-schema-graph\">{\"@context\":\"https:\/\/schema.org\",\"@graph\":[{\"@type\":\"WebSite\",\"@id\":\"http:\/\/www.christophetrouilhet.fr\/welcome\/#website\",\"url\":\"http:\/\/www.christophetrouilhet.fr\/welcome\/\",\"name\":\"Christophe Trouilhet\",\"description\":\"Artiste Photographe de Cirque\",\"potentialAction\":[{\"@type\":\"SearchAction\",\"target\":\"http:\/\/www.christophetrouilhet.fr\/welcome\/?s={search_term_string}\",\"query-input\":\"required name=search_term_string\"}],\"inLanguage\":\"fr-FR\"},{\"@type\":\"WebPage\",\"@id\":\"http:\/\/www.christophetrouilhet.fr\/welcome\/#webpage\",\"url\":\"http:\/\/www.christophetrouilhet.fr\/welcome\/\",\"name\":\"Bienvenue - Christophe Trouilhet\",\"isPartOf\":{\"@id\":\"http:\/\/www.christophetrouilhet.fr\/welcome\/#website\"},\"datePublished\":\"2018-09-25T12:46:23+00:00\",\"dateModified\":\"2019-06-04T11:56:54+00:00\",\"breadcrumb\":{\"@id\":\"http:\/\/www.christophetrouilhet.fr\/welcome\/#breadcrumb\"},\"inLanguage\":\"fr-FR\",\"potentialAction\":[{\"@type\":\"ReadAction\",\"target\":[\"http:\/\/www.christophetrouilhet.fr\/welcome\/\"]}]},{\"@type\":\"BreadcrumbList\",\"@id\":\"http:\/\/www.christophetrouilhet.fr\/welcome\/#breadcrumb\",\"itemListElement\":[{\"@type\":\"ListItem\",\"position\":1,\"item\":{\"@type\":\"WebPage\",\"@id\":\"http:\/\/www.christophetrouilhet.fr\/welcome\/\",\"url\":\"http:\/\/www.christophetrouilhet.fr\/welcome\/\",\"name\":\"Accueil\"}},{\"@type\":\"ListItem\",\"position\":2,\"item\":{\"@type\":\"WebPage\",\"@id\":\"http:\/\/www.christophetrouilhet.fr\/welcome\/\",\"url\":\"http:\/\/www.christophetrouilhet.fr\/welcome\/\",\"name\":\"Bienvenue\"}}]}]}<\/script>\n<!-- \/ Yoast SEO plugin. -->","_links":{"self":[{"href":"https:\/\/www.christophetrouilhet.fr\/welcome\/wp-json\/wp\/v2\/pages\/68"}],"collection":[{"href":"https:\/\/www.christophetrouilhet.fr\/welcome\/wp-json\/wp\/v2\/pages"}],"about":[{"href":"https:\/\/www.christophetrouilhet.fr\/welcome\/wp-json\/wp\/v2\/types\/page"}],"author":[{"embeddable":true,"href":"https:\/\/www.christophetrouilhet.fr\/welcome\/wp-json\/wp\/v2\/users\/1"}],"replies":[{"embeddable":true,"href":"https:\/\/www.christophetrouilhet.fr\/welcome\/wp-json\/wp\/v2\/comments?post=68"}],"version-history":[{"count":13,"href":"https:\/\/www.christophetrouilhet.fr\/welcome\/wp-json\/wp\/v2\/pages\/68\/revisions"}],"predecessor-version":[{"id":139,"href":"https:\/\/www.christophetrouilhet.fr\/welcome\/wp-json\/wp\/v2\/pages\/68\/revisions\/139"}],"wp:attachment":[{"href":"https:\/\/www.christophetrouilhet.fr\/welcome\/wp-json\/wp\/v2\/media?parent=68"}],"curies":[{"name":"wp","href":"https:\/\/api.w.org\/{rel}","templated":true}]}}