{"id":79,"date":"2018-09-25T14:58:29","date_gmt":"2018-09-25T12:58:29","guid":{"rendered":"http:\/\/www.christophetrouilhet.fr\/welcome\/?page_id=79"},"modified":"2019-07-11T22:17:06","modified_gmt":"2019-07-11T20:17:06","slug":"bio","status":"publish","type":"page","link":"https:\/\/www.christophetrouilhet.fr\/welcome\/bio\/","title":{"rendered":"Biographie"},"content":{"rendered":"\n<p><\/p>\n\n\n\n<p>Christophe Trouilhet est un artiste photographe de la r\u00e9gion Toulousaine.&nbsp;<\/p>\n\n\n\n<p>Passionn\u00e9 par la photographie depuis l&rsquo;adolescence, il choisit une carri\u00e8re dans l&rsquo;informatique pour pouvoir pratiquer la photo sur le mode de la passion. Orient\u00e9 dans un premier temps vers le th\u00e9\u00e2tre et la musique, il int\u00e8gre le collectif de photographes Photolosa. <br><\/p>\n\n\n\n<p>En 2005 il d\u00e9couvre le cirque moderne avec l&rsquo;\u00e9cole de cirque du Lido. Cette rencontre avec la grande famille des circassiens marquera un tournant dans sa carri\u00e8re photographique. Plusieurs expositions verront le jour, ainsi qu&rsquo;un livre en 2008 (Essais de Cirque), sans compter les nombreux reportages visibles sur Photolosa.org. <br><\/p>\n\n\n\n<p>Aujourd&rsquo;hui il choisit d&rsquo;orienter sa pratique photographique quasi exclusivement vers cet art, afin de le faire d\u00e9couvrir au plus grand nombre.<br><\/p>\n","protected":false},"excerpt":{"rendered":"<p>Christophe Trouilhet est un artiste photographe de la r\u00e9gion Toulousaine.&nbsp; Passionn\u00e9 par la photographie depuis l&rsquo;adolescence, il choisit une carri\u00e8re dans l&rsquo;informatique pour pouvoir pratiquer la photo sur le mode de la passion. Orient\u00e9 dans un premier temps vers le th\u00e9\u00e2tre et la musique, il int\u00e8gre le collectif de photographes Photolosa. En 2005 il d\u00e9couvre &hellip; <\/p>\n<p class=\"link-more\"><a href=\"https:\/\/www.christophetrouilhet.fr\/welcome\/bio\/\" class=\"more-link\">Continuer la lecture<span class=\"screen-reader-text\"> de &laquo;&nbsp;Biographie&nbsp;&raquo;<\/span><\/a><\/p>\n","protected":false},"author":1,"featured_media":0,"parent":0,"menu_order":0,"comment_status":"closed","ping_status":"closed","template":"","meta":[],"yoast_head":"<!-- This site is optimized with the Yoast SEO plugin v16.1.1 - https:\/\/yoast.com\/wordpress\/plugins\/seo\/ -->\n<title>Biographie - Christophe Trouilhet<\/title>\n<link rel=\"canonical\" href=\"https:\/\/www.christophetrouilhet.fr\/welcome\/bio\/\" \/>\n<meta property=\"og:locale\" content=\"fr_FR\" \/>\n<meta property=\"og:type\" content=\"article\" \/>\n<meta property=\"og:title\" content=\"Biographie - Christophe Trouilhet\" \/>\n<meta property=\"og:description\" content=\"Christophe Trouilhet est un artiste photographe de la r\u00e9gion Toulousaine.&nbsp; Passionn\u00e9 par la photographie depuis l&rsquo;adolescence, il choisit une carri\u00e8re dans l&rsquo;informatique pour pouvoir pratiquer la photo sur le mode de la passion. Orient\u00e9 dans un premier temps vers le th\u00e9\u00e2tre et la musique, il int\u00e8gre le collectif de photographes Photolosa. En 2005 il d\u00e9couvre &hellip; Continuer la lecture de &laquo;&nbsp;Biographie&nbsp;&raquo;\" \/>\n<meta property=\"og:url\" content=\"https:\/\/www.christophetrouilhet.fr\/welcome\/bio\/\" \/>\n<meta property=\"og:site_name\" content=\"Christophe Trouilhet\" \/>\n<meta property=\"article:modified_time\" content=\"2019-07-11T20:17:06+00:00\" \/>\n<meta name=\"twitter:card\" content=\"summary_large_image\" \/>\n<meta name=\"twitter:label1\" content=\"Dur\u00e9e de lecture est.\">\n\t<meta name=\"twitter:data1\" content=\"1 minute\">\n<script type=\"application\/ld+json\" class=\"yoast-schema-graph\">{\"@context\":\"https:\/\/schema.org\",\"@graph\":[{\"@type\":\"WebSite\",\"@id\":\"http:\/\/www.christophetrouilhet.fr\/welcome\/#website\",\"url\":\"http:\/\/www.christophetrouilhet.fr\/welcome\/\",\"name\":\"Christophe Trouilhet\",\"description\":\"Artiste Photographe de Cirque\",\"potentialAction\":[{\"@type\":\"SearchAction\",\"target\":\"http:\/\/www.christophetrouilhet.fr\/welcome\/?s={search_term_string}\",\"query-input\":\"required name=search_term_string\"}],\"inLanguage\":\"fr-FR\"},{\"@type\":\"WebPage\",\"@id\":\"https:\/\/www.christophetrouilhet.fr\/welcome\/bio\/#webpage\",\"url\":\"https:\/\/www.christophetrouilhet.fr\/welcome\/bio\/\",\"name\":\"Biographie - Christophe Trouilhet\",\"isPartOf\":{\"@id\":\"http:\/\/www.christophetrouilhet.fr\/welcome\/#website\"},\"datePublished\":\"2018-09-25T12:58:29+00:00\",\"dateModified\":\"2019-07-11T20:17:06+00:00\",\"breadcrumb\":{\"@id\":\"https:\/\/www.christophetrouilhet.fr\/welcome\/bio\/#breadcrumb\"},\"inLanguage\":\"fr-FR\",\"potentialAction\":[{\"@type\":\"ReadAction\",\"target\":[\"https:\/\/www.christophetrouilhet.fr\/welcome\/bio\/\"]}]},{\"@type\":\"BreadcrumbList\",\"@id\":\"https:\/\/www.christophetrouilhet.fr\/welcome\/bio\/#breadcrumb\",\"itemListElement\":[{\"@type\":\"ListItem\",\"position\":1,\"item\":{\"@type\":\"WebPage\",\"@id\":\"http:\/\/www.christophetrouilhet.fr\/welcome\/\",\"url\":\"http:\/\/www.christophetrouilhet.fr\/welcome\/\",\"name\":\"Accueil\"}},{\"@type\":\"ListItem\",\"position\":2,\"item\":{\"@type\":\"WebPage\",\"@id\":\"https:\/\/www.christophetrouilhet.fr\/welcome\/bio\/\",\"url\":\"https:\/\/www.christophetrouilhet.fr\/welcome\/bio\/\",\"name\":\"Biographie\"}}]}]}<\/script>\n<!-- \/ Yoast SEO plugin. -->","_links":{"self":[{"href":"https:\/\/www.christophetrouilhet.fr\/welcome\/wp-json\/wp\/v2\/pages\/79"}],"collection":[{"href":"https:\/\/www.christophetrouilhet.fr\/welcome\/wp-json\/wp\/v2\/pages"}],"about":[{"href":"https:\/\/www.christophetrouilhet.fr\/welcome\/wp-json\/wp\/v2\/types\/page"}],"author":[{"embeddable":true,"href":"https:\/\/www.christophetrouilhet.fr\/welcome\/wp-json\/wp\/v2\/users\/1"}],"replies":[{"embeddable":true,"href":"https:\/\/www.christophetrouilhet.fr\/welcome\/wp-json\/wp\/v2\/comments?post=79"}],"version-history":[{"count":13,"href":"https:\/\/www.christophetrouilhet.fr\/welcome\/wp-json\/wp\/v2\/pages\/79\/revisions"}],"predecessor-version":[{"id":243,"href":"https:\/\/www.christophetrouilhet.fr\/welcome\/wp-json\/wp\/v2\/pages\/79\/revisions\/243"}],"wp:attachment":[{"href":"https:\/\/www.christophetrouilhet.fr\/welcome\/wp-json\/wp\/v2\/media?parent=79"}],"curies":[{"name":"wp","href":"https:\/\/api.w.org\/{rel}","templated":true}]}}