{"id":89,"date":"2018-09-25T15:05:46","date_gmt":"2018-09-25T13:05:46","guid":{"rendered":"http:\/\/www.christophetrouilhet.fr\/welcome\/?page_id=89"},"modified":"2019-07-11T11:13:18","modified_gmt":"2019-07-11T09:13:18","slug":"un-tirage-original-chez-vous","status":"publish","type":"page","link":"https:\/\/www.christophetrouilhet.fr\/welcome\/un-tirage-original-chez-vous\/","title":{"rendered":"Un tirage original chez vous"},"content":{"rendered":"\n<p>Afin de financer la suite de mes expositions, la plupart des photos\npr\u00e9sent\u00e9es sont en vente. <\/p>\n\n\n\n<p>Chaque tirage est num\u00e9rot\u00e9 (15 exemplaires maximum seront \u00e9dit\u00e9s pour chaque \u0153uvre). L\u2019exemplaire num\u00e9ro un est d\u00e9di\u00e9 \u00e0 \u00eatre expos\u00e9, et l\u2019artiste repr\u00e9sent\u00e9 recevra le num\u00e9ro deux. Les autres exemplaires seront \u00e9dit\u00e9s au format 40x60cm ou 50x50cm pour les photos carr\u00e9es. On peut \u00e0 la demande inclure l\u2019\u0153uvre dans une cadre type \u00ab&nbsp;caisse am\u00e9ricaine&nbsp;\u00bb de couleur noire. Un feuillet avec un format r\u00e9duit de la photo et son texte d\u2019accompagnement est compris. <\/p>\n\n\n\n<p>Chaque tirage est \u00e9dit\u00e9 selon un proc\u00e9d\u00e9 de digigraphie, permettant d\u2019obtenir une qualit\u00e9 maximale, sur un papier Fine Art baryt\u00e9, contre-coll\u00e9 sur dibond alu, assurant une grande tenue dans le temps \u00e0 l\u2019\u0153uvre. Un certificat d\u2019authenticit\u00e9 sera d\u00e9livr\u00e9 pour chaque tirage, et un papillon d\u2019identification Artrust correspondant sera appliqu\u00e9 au dos de l\u2019\u0153uvre. Je vous livrerai moi-m\u00eame l\u2019oeuvre en r\u00e9gion Toulousaine, mais une livraison s\u00e9curis\u00e9e hors r\u00e9gion est bien s\u00fbr possible par transporteur.  Deux semaines de d\u00e9lai environ seront n\u00e9cessaires pour la livraison de votre commande.<\/p>\n\n\n\n<p>N\u2019h\u00e9sitez pas \u00e0 me contacter pour le prix et la disponibilit\u00e9 des oeuvres. <\/p>\n","protected":false},"excerpt":{"rendered":"<p>Afin de financer la suite de mes expositions, la plupart des photos pr\u00e9sent\u00e9es sont en vente. Chaque tirage est num\u00e9rot\u00e9 (15 exemplaires maximum seront \u00e9dit\u00e9s pour chaque \u0153uvre). L\u2019exemplaire num\u00e9ro un est d\u00e9di\u00e9 \u00e0 \u00eatre expos\u00e9, et l\u2019artiste repr\u00e9sent\u00e9 recevra le num\u00e9ro deux. Les autres exemplaires seront \u00e9dit\u00e9s au format 40x60cm ou 50x50cm pour les &hellip; <\/p>\n<p class=\"link-more\"><a href=\"https:\/\/www.christophetrouilhet.fr\/welcome\/un-tirage-original-chez-vous\/\" class=\"more-link\">Continuer la lecture<span class=\"screen-reader-text\"> de &laquo;&nbsp;Un tirage original chez vous&nbsp;&raquo;<\/span><\/a><\/p>\n","protected":false},"author":1,"featured_media":0,"parent":0,"menu_order":0,"comment_status":"closed","ping_status":"closed","template":"","meta":[],"yoast_head":"<!-- This site is optimized with the Yoast SEO plugin v16.1.1 - https:\/\/yoast.com\/wordpress\/plugins\/seo\/ -->\n<title>Un tirage original chez vous - Christophe Trouilhet<\/title>\n<link rel=\"canonical\" href=\"https:\/\/www.christophetrouilhet.fr\/welcome\/un-tirage-original-chez-vous\/\" \/>\n<meta property=\"og:locale\" content=\"fr_FR\" \/>\n<meta property=\"og:type\" content=\"article\" \/>\n<meta property=\"og:title\" content=\"Un tirage original chez vous - Christophe Trouilhet\" \/>\n<meta property=\"og:description\" content=\"Afin de financer la suite de mes expositions, la plupart des photos pr\u00e9sent\u00e9es sont en vente. Chaque tirage est num\u00e9rot\u00e9 (15 exemplaires maximum seront \u00e9dit\u00e9s pour chaque \u0153uvre). L\u2019exemplaire num\u00e9ro un est d\u00e9di\u00e9 \u00e0 \u00eatre expos\u00e9, et l\u2019artiste repr\u00e9sent\u00e9 recevra le num\u00e9ro deux. Les autres exemplaires seront \u00e9dit\u00e9s au format 40x60cm ou 50x50cm pour les &hellip; Continuer la lecture de &laquo;&nbsp;Un tirage original chez vous&nbsp;&raquo;\" \/>\n<meta property=\"og:url\" content=\"https:\/\/www.christophetrouilhet.fr\/welcome\/un-tirage-original-chez-vous\/\" \/>\n<meta property=\"og:site_name\" content=\"Christophe Trouilhet\" \/>\n<meta property=\"article:modified_time\" content=\"2019-07-11T09:13:18+00:00\" \/>\n<meta name=\"twitter:card\" content=\"summary_large_image\" \/>\n<meta name=\"twitter:label1\" content=\"Dur\u00e9e de lecture est.\">\n\t<meta name=\"twitter:data1\" content=\"1 minute\">\n<script type=\"application\/ld+json\" class=\"yoast-schema-graph\">{\"@context\":\"https:\/\/schema.org\",\"@graph\":[{\"@type\":\"WebSite\",\"@id\":\"http:\/\/www.christophetrouilhet.fr\/welcome\/#website\",\"url\":\"http:\/\/www.christophetrouilhet.fr\/welcome\/\",\"name\":\"Christophe Trouilhet\",\"description\":\"Artiste Photographe de Cirque\",\"potentialAction\":[{\"@type\":\"SearchAction\",\"target\":\"http:\/\/www.christophetrouilhet.fr\/welcome\/?s={search_term_string}\",\"query-input\":\"required name=search_term_string\"}],\"inLanguage\":\"fr-FR\"},{\"@type\":\"WebPage\",\"@id\":\"https:\/\/www.christophetrouilhet.fr\/welcome\/un-tirage-original-chez-vous\/#webpage\",\"url\":\"https:\/\/www.christophetrouilhet.fr\/welcome\/un-tirage-original-chez-vous\/\",\"name\":\"Un tirage original chez vous - Christophe Trouilhet\",\"isPartOf\":{\"@id\":\"http:\/\/www.christophetrouilhet.fr\/welcome\/#website\"},\"datePublished\":\"2018-09-25T13:05:46+00:00\",\"dateModified\":\"2019-07-11T09:13:18+00:00\",\"breadcrumb\":{\"@id\":\"https:\/\/www.christophetrouilhet.fr\/welcome\/un-tirage-original-chez-vous\/#breadcrumb\"},\"inLanguage\":\"fr-FR\",\"potentialAction\":[{\"@type\":\"ReadAction\",\"target\":[\"https:\/\/www.christophetrouilhet.fr\/welcome\/un-tirage-original-chez-vous\/\"]}]},{\"@type\":\"BreadcrumbList\",\"@id\":\"https:\/\/www.christophetrouilhet.fr\/welcome\/un-tirage-original-chez-vous\/#breadcrumb\",\"itemListElement\":[{\"@type\":\"ListItem\",\"position\":1,\"item\":{\"@type\":\"WebPage\",\"@id\":\"http:\/\/www.christophetrouilhet.fr\/welcome\/\",\"url\":\"http:\/\/www.christophetrouilhet.fr\/welcome\/\",\"name\":\"Accueil\"}},{\"@type\":\"ListItem\",\"position\":2,\"item\":{\"@type\":\"WebPage\",\"@id\":\"https:\/\/www.christophetrouilhet.fr\/welcome\/un-tirage-original-chez-vous\/\",\"url\":\"https:\/\/www.christophetrouilhet.fr\/welcome\/un-tirage-original-chez-vous\/\",\"name\":\"Un tirage original chez vous\"}}]}]}<\/script>\n<!-- \/ Yoast SEO plugin. -->","_links":{"self":[{"href":"https:\/\/www.christophetrouilhet.fr\/welcome\/wp-json\/wp\/v2\/pages\/89"}],"collection":[{"href":"https:\/\/www.christophetrouilhet.fr\/welcome\/wp-json\/wp\/v2\/pages"}],"about":[{"href":"https:\/\/www.christophetrouilhet.fr\/welcome\/wp-json\/wp\/v2\/types\/page"}],"author":[{"embeddable":true,"href":"https:\/\/www.christophetrouilhet.fr\/welcome\/wp-json\/wp\/v2\/users\/1"}],"replies":[{"embeddable":true,"href":"https:\/\/www.christophetrouilhet.fr\/welcome\/wp-json\/wp\/v2\/comments?post=89"}],"version-history":[{"count":6,"href":"https:\/\/www.christophetrouilhet.fr\/welcome\/wp-json\/wp\/v2\/pages\/89\/revisions"}],"predecessor-version":[{"id":186,"href":"https:\/\/www.christophetrouilhet.fr\/welcome\/wp-json\/wp\/v2\/pages\/89\/revisions\/186"}],"wp:attachment":[{"href":"https:\/\/www.christophetrouilhet.fr\/welcome\/wp-json\/wp\/v2\/media?parent=89"}],"curies":[{"name":"wp","href":"https:\/\/api.w.org\/{rel}","templated":true}]}}